{"id":799,"date":"2014-10-16T21:35:24","date_gmt":"2014-10-16T21:35:24","guid":{"rendered":"http:\/\/coiffeur.freevision.me\/?page_id=799"},"modified":"2020-07-10T23:04:57","modified_gmt":"2020-07-10T21:04:57","slug":"services-coiffure","status":"publish","type":"page","link":"https:\/\/www.studiocoiff.fr\/index.php\/pages\/services\/services-coiffure\/","title":{"rendered":"Services coiffure"},"content":{"rendered":"<p>[vc_row][vc_column][vc_column_text]<span style=\"font-size: 24pt;\">V<\/span><span style=\"font-size: 14pt;\">ous trouverez dessous une liste des principales prestations r\u00e9alis\u00e9es au salon.<\/span><br \/>\n<span style=\"font-size: 14pt;\">Plus de d\u00e9tails en cliquant sur les ic\u00f4nes.<\/span>[\/vc_column_text][\/vc_column][\/vc_row][vc_row bg_parallax=\u00a0\u00bboff\u00a0\u00bb][vc_column width=\u00a0\u00bb1\/4&Prime;]<div id=\"tile-with-icon_icon8038\" class=\"title-with-icon-wrapper rectangle xxlarge \" data-color=\"\"><div class=\"wpb_content_element title-with-icon clearfix top-style\"><a href=\"\/index.php\/pages\/services\/services-coiffure\/coupes\/\" target=\"_self\"><span  style=\"color:#ffffff !important;background-color:#f33337 !important;\" class=\"oic-flaticon-scissors38 rectangle xxlarge \" data-color=\"#f33337\"><\/span><\/a><h4 class=\"content-color\" style=\"\"><a href=\"\/index.php\/pages\/services\/services-coiffure\/coupes\/\" target=\"_self\">COUPES<\/a><\/h4><\/div><\/div><div style=\"height:30px\" class=\"ozy-spacer\"><\/div><div id=\"tile-with-icon_icon3065\" class=\"title-with-icon-wrapper rectangle xxlarge \" data-color=\"\"><div class=\"wpb_content_element title-with-icon clearfix top-style\"><a href=\"\/index.php\/pages\/services\/services-coiffure\/tie-dye\/\" target=\"_self\"><span  style=\"color:#ffffff !important;background-color:#f33337 !important;\" class=\"oic-flaticon-long20 rectangle xxlarge \" data-color=\"#f33337\"><\/span><\/a><h4 class=\"content-color\" style=\"\"><a href=\"\/index.php\/pages\/services\/services-coiffure\/tie-dye\/\" target=\"_self\">TIE &amp; DYE<\/a><\/h4><\/div><\/div><div style=\"height:30px\" class=\"ozy-spacer\"><\/div>[\/vc_column][vc_column width=\u00a0\u00bb1\/4&Prime;]<div id=\"tile-with-icon_icon4941\" class=\"title-with-icon-wrapper rectangle xxlarge \" data-color=\"\"><div class=\"wpb_content_element title-with-icon clearfix top-style\"><a href=\"\/index.php\/pages\/services\/services-coiffure\/couleurs\/\" target=\"_self\"><span  style=\"color:#ffffff !important;background-color:#f33337 !important;\" class=\"oic-flaticon-long20 rectangle xxlarge \" data-color=\"#f33337\"><\/span><\/a><h4 class=\"content-color\" style=\"\"><a href=\"\/index.php\/pages\/services\/services-coiffure\/couleurs\/\" target=\"_self\">COULEURS<\/a><\/h4><\/div><\/div><div style=\"height:30px\" class=\"ozy-spacer\"><\/div><div id=\"tile-with-icon_icon801\" class=\"title-with-icon-wrapper rectangle xxlarge \" data-color=\"\"><div class=\"wpb_content_element title-with-icon clearfix top-style\"><a href=\"\/index.php\/pages\/services\/services-coiffure\/massages-shiatsu\/\" target=\"_self\"><span  style=\"color:#ffffff !important;background-color:#f33337 !important;\" class=\"oic-flaticon-hairdresser14 rectangle xxlarge \" data-color=\"#f33337\"><\/span><\/a><h4 class=\"content-color\" style=\"\"><a href=\"\/index.php\/pages\/services\/services-coiffure\/massages-shiatsu\/\" target=\"_self\">MASSAGES SHIATSU<\/a><\/h4><\/div><\/div><div style=\"height:30px\" class=\"ozy-spacer\"><\/div>[\/vc_column][vc_column width=\u00a0\u00bb1\/4&Prime;]<div id=\"tile-with-icon_icon1383\" class=\"title-with-icon-wrapper rectangle xxlarge \" data-color=\"\"><div class=\"wpb_content_element title-with-icon clearfix top-style\"><a href=\"\/index.php\/pages\/services\/services-coiffure\/permanentes\/\" target=\"_self\"><span  style=\"color:#ffffff !important;background-color:#f33337 !important;\" class=\"oic-flaticon-woman76 rectangle xxlarge \" data-color=\"#f33337\"><\/span><\/a><h4 class=\"content-color\" style=\"\"><a href=\"\/index.php\/pages\/services\/services-coiffure\/permanentes\/\" target=\"_self\">PERMANENTES<\/a><\/h4><\/div><\/div><div style=\"height:30px\" class=\"ozy-spacer\"><\/div><div id=\"tile-with-icon_icon9875\" class=\"title-with-icon-wrapper rectangle xxlarge \" data-color=\"\"><div class=\"wpb_content_element title-with-icon clearfix top-style\"><a href=\"\/index.php\/pages\/services\/services-coiffure\/coiffure-de-mariage\/\" target=\"_self\"><span  style=\"color:#ffffff !important;background-color:#f33337 !important;\" class=\"oic-flaticon-female160 rectangle xxlarge \" data-color=\"#f33337\"><\/span><\/a><h4 class=\"content-color\" style=\"\"><a href=\"\/index.php\/pages\/services\/services-coiffure\/coiffure-de-mariage\/\" target=\"_self\">COIFFURE DE MARIAGE<\/a><\/h4><\/div><\/div><div style=\"height:30px\" class=\"ozy-spacer\"><\/div>[\/vc_column][vc_column width=\u00a0\u00bb1\/4&Prime;]<div id=\"tile-with-icon_icon2409\" class=\"title-with-icon-wrapper rectangle xxlarge \" data-color=\"\"><div class=\"wpb_content_element title-with-icon clearfix top-style\"><a href=\"\/index.php\/pages\/services\/services-coiffure\/brushing\/\" target=\"_self\"><span  style=\"color:#ffffff !important;background-color:#f33337 !important;\" class=\"oic-flaticon-hairdryer5 rectangle xxlarge \" data-color=\"#f33337\"><\/span><\/a><h4 class=\"content-color\" style=\"\"><a href=\"\/index.php\/pages\/services\/services-coiffure\/brushing\/\" target=\"_self\">BRUSHING<\/a><\/h4><\/div><\/div><div style=\"height:30px\" class=\"ozy-spacer\"><\/div>[\/vc_column][\/vc_row][vc_row bg_parallax=\u00a0\u00bboff\u00a0\u00bb css=\u00a0\u00bb.vc_custom_1551910226743{margin-top: 30px !important;}\u00a0\u00bb][vc_column][vc_column_text]<\/p>\n<h3>Avant &amp; Apr\u00e8s<\/h3>\n<p>Nous essayons de r\u00e9aliser le plus souvent possible un \u00ab\u00a0Avant &amp; Apr\u00e8s\u00a0\u00bb afin de mieux visualiser la prestation de coiffage.[\/vc_column_text]<div class=\"ozy-before_after wpb_content_element \"><img decoding=\"async\" src=\"https:\/\/www.studiocoiff.fr\/wp-content\/uploads\/2020\/07\/transform1_av.jpg\"\/><img decoding=\"async\" src=\"https:\/\/www.studiocoiff.fr\/wp-content\/uploads\/2020\/07\/transform1_ap.jpg\"\/><\/div>[\/vc_column][\/vc_row]<\/p>\n","protected":false},"excerpt":{"rendered":"<p>[vc_row][vc_column][vc_column_text]Vous trouverez dessous une liste des principales prestations r\u00e9alis\u00e9es au salon. Plus de d\u00e9tails en cliquant sur les ic\u00f4nes.[\/vc_column_text][\/vc_column][\/vc_row][vc_row bg_parallax=\u00a0\u00bboff\u00a0\u00bb][vc_column width=\u00a0\u00bb1\/4&Prime;][\/vc_column][vc_column width=\u00a0\u00bb1\/4&Prime;][\/vc_column][vc_column width=\u00a0\u00bb1\/4&Prime;][\/vc_column][vc_column width=\u00a0\u00bb1\/4&Prime;][\/vc_column][\/vc_row][vc_row bg_parallax=\u00a0\u00bboff\u00a0\u00bb css=\u00a0\u00bb.vc_custom_1551910226743{margin-top: 30px !important;}\u00a0\u00bb][vc_column][vc_column_text] Avant &amp; [&hellip;]<\/p>\n","protected":false},"author":1,"featured_media":0,"parent":69,"menu_order":0,"comment_status":"closed","ping_status":"closed","template":"","meta":{"footnotes":""},"class_list":["post-799","page","type-page","status-publish","hentry"],"_links":{"self":[{"href":"https:\/\/www.studiocoiff.fr\/index.php\/wp-json\/wp\/v2\/pages\/799","targetHints":{"allow":["GET"]}}],"collection":[{"href":"https:\/\/www.studiocoiff.fr\/index.php\/wp-json\/wp\/v2\/pages"}],"about":[{"href":"https:\/\/www.studiocoiff.fr\/index.php\/wp-json\/wp\/v2\/types\/page"}],"author":[{"embeddable":true,"href":"https:\/\/www.studiocoiff.fr\/index.php\/wp-json\/wp\/v2\/users\/1"}],"replies":[{"embeddable":true,"href":"https:\/\/www.studiocoiff.fr\/index.php\/wp-json\/wp\/v2\/comments?post=799"}],"version-history":[{"count":26,"href":"https:\/\/www.studiocoiff.fr\/index.php\/wp-json\/wp\/v2\/pages\/799\/revisions"}],"predecessor-version":[{"id":2149,"href":"https:\/\/www.studiocoiff.fr\/index.php\/wp-json\/wp\/v2\/pages\/799\/revisions\/2149"}],"up":[{"embeddable":true,"href":"https:\/\/www.studiocoiff.fr\/index.php\/wp-json\/wp\/v2\/pages\/69"}],"wp:attachment":[{"href":"https:\/\/www.studiocoiff.fr\/index.php\/wp-json\/wp\/v2\/media?parent=799"}],"curies":[{"name":"wp","href":"https:\/\/api.w.org\/{rel}","templated":true}]}}