{"id":71,"date":"2014-10-10T22:53:33","date_gmt":"2014-10-10T22:53:33","guid":{"rendered":"http:\/\/coiffeur.freevision.me\/?page_id=71"},"modified":"2020-07-10T22:24:11","modified_gmt":"2020-07-10T20:24:11","slug":"about","status":"publish","type":"page","link":"https:\/\/www.studiocoiff.fr\/index.php\/pages\/about\/","title":{"rendered":"\u00c0 PROPOS"},"content":{"rendered":"<p>[vc_row bg_parallax=\u00a0\u00bboff\u00a0\u00bb css=\u00a0\u00bb.vc_custom_1413411983500{margin-top: 0px !important;margin-bottom: 0px !important;padding-top: 70px !important;padding-bottom: 0px !important;}\u00a0\u00bb][vc_column width=\u00a0\u00bb1\/2&Prime;]<h3 class=\"ozy-divider-cap-left wpb_content_element\">APER\u00c7U<\/h3><div class=\"ozy-content-divider \" style=\"border-top-style:solid;border-top-width:2px;border-top-color:#f33337;width:40px;max-width:40px;\"><\/div>[vc_column_text css=\u00a0\u00bb.vc_custom_1593013498208{padding-top: 30px !important;}\u00a0\u00bb]Le 2 janvier 2015, Karen reprenait le salon de coiffure \u00ab\u00a0Studio Coiff'\u00a0\u00bb situ\u00e9 dans le centre bourg.<\/p>\n<p>Apr\u00e8s un apprentissage \u00e0 la Richardais et une exp\u00e9rience professionnelle forg\u00e9e sur les salons d&rsquo;Yvignac la Tour, Pl\u00e9lan-le-petit et la Richardais \u00e0 nouveau, elle s&rsquo;est mise \u00e0 son compte en 2000.<\/p>\n<p>Karen r\u00e9side \u00e0 Qu\u00e9vert et dirigeait, avant de reprendre ce salon du bourg, le salon de Vild\u00e9-Guingalan depuis 14 ans.<\/p>\n<p>Le salon a \u00e9t\u00e9 enti\u00e8rement r\u00e9nov\u00e9 en 2017 dans une ambiance moderne et chaleureuse.<br \/>\nC\u00f4t\u00e9 confort, de nouveaux bacs permettent un massage Shiatsu afin de d\u00e9tendre les muscles et d&rsquo;apaiser les tensions lombaires.<br \/>\nUn espace est r\u00e9serv\u00e9 aux personnes \u00e0 mobilit\u00e9 r\u00e9duite, avec un bac \u00e0 shampooing qui leurs est sp\u00e9cialement am\u00e9nag\u00e9.[\/vc_column_text][\/vc_column][vc_column width=\u00a0\u00bb1\/2&Prime;][vc_single_image image=\u00a0\u00bb2130&Prime; img_size=\u00a0\u00bbfull\u00a0\u00bb alignment=\u00a0\u00bbcenter\u00a0\u00bb css=\u00a0\u00bb.vc_custom_1592744951830{margin-bottom: 0px !important;padding-bottom: 0px !important;}\u00a0\u00bb][\/vc_column][\/vc_row]<\/p>\n","protected":false},"excerpt":{"rendered":"<p>[vc_row bg_parallax=\u00a0\u00bboff\u00a0\u00bb css=\u00a0\u00bb.vc_custom_1413411983500{margin-top: 0px !important;margin-bottom: 0px !important;padding-top: 70px !important;padding-bottom: 0px !important;}\u00a0\u00bb][vc_column width=\u00a0\u00bb1\/2&Prime;][vc_column_text css=\u00a0\u00bb.vc_custom_1593013498208{padding-top: 30px !important;}\u00a0\u00bb]Le 2 janvier 2015, Karen reprenait le salon de coiffure \u00ab\u00a0Studio Coiff&rsquo;\u00a0\u00bb situ\u00e9 dans le centre [&hellip;]<\/p>\n","protected":false},"author":1,"featured_media":0,"parent":43,"menu_order":0,"comment_status":"open","ping_status":"closed","template":"","meta":{"footnotes":""},"class_list":["post-71","page","type-page","status-publish","hentry"],"_links":{"self":[{"href":"https:\/\/www.studiocoiff.fr\/index.php\/wp-json\/wp\/v2\/pages\/71","targetHints":{"allow":["GET"]}}],"collection":[{"href":"https:\/\/www.studiocoiff.fr\/index.php\/wp-json\/wp\/v2\/pages"}],"about":[{"href":"https:\/\/www.studiocoiff.fr\/index.php\/wp-json\/wp\/v2\/types\/page"}],"author":[{"embeddable":true,"href":"https:\/\/www.studiocoiff.fr\/index.php\/wp-json\/wp\/v2\/users\/1"}],"replies":[{"embeddable":true,"href":"https:\/\/www.studiocoiff.fr\/index.php\/wp-json\/wp\/v2\/comments?post=71"}],"version-history":[{"count":11,"href":"https:\/\/www.studiocoiff.fr\/index.php\/wp-json\/wp\/v2\/pages\/71\/revisions"}],"predecessor-version":[{"id":2135,"href":"https:\/\/www.studiocoiff.fr\/index.php\/wp-json\/wp\/v2\/pages\/71\/revisions\/2135"}],"up":[{"embeddable":true,"href":"https:\/\/www.studiocoiff.fr\/index.php\/wp-json\/wp\/v2\/pages\/43"}],"wp:attachment":[{"href":"https:\/\/www.studiocoiff.fr\/index.php\/wp-json\/wp\/v2\/media?parent=71"}],"curies":[{"name":"wp","href":"https:\/\/api.w.org\/{rel}","templated":true}]}}