{"id":1796,"date":"2020-06-08T18:21:50","date_gmt":"2020-06-08T16:21:50","guid":{"rendered":"https:\/\/www.studiocoiff.fr\/\/?page_id=1796"},"modified":"2020-07-10T22:19:32","modified_gmt":"2020-07-10T20:19:32","slug":"espace-de-fidelite","status":"publish","type":"page","link":"https:\/\/www.studiocoiff.fr\/index.php\/espace-de-fidelite\/","title":{"rendered":"Espace de Fid\u00e9lit\u00e9"},"content":{"rendered":"<p>[vc_row][vc_column]<h3 class=\"ozy-divider-cap-left wpb_content_element\">Espace de Fid\u00e9lit\u00e9<\/h3><div class=\"ozy-content-divider \" style=\"border-top-style:solid;border-top-width:2px;border-top-color:#f33337;width:40px;max-width:40px;\"><\/div>[vc_column_text]Lors de la premi\u00e8re visite, le programme de fid\u00e9lit\u00e9 sera automatiquement activ\u00e9.<br \/>\nLa carte est g\u00e9r\u00e9e informatiquement et votre solde indiqu\u00e9 sur le ticket de caisse.<br \/>\nApr\u00e8s la dixi\u00e8me visite vous recevrez une r\u00e9duction de 10% sur votre prochaine prestation de service.[\/vc_column_text][vc_row_inner][vc_column_inner width=\u00a0\u00bb1\/2&Prime;][vc_single_image image=\u00a0\u00bb1797&Prime; img_size=\u00a0\u00bbfull\u00a0\u00bb][\/vc_column_inner][vc_column_inner width=\u00a0\u00bb1\/2&Prime;][vc_single_image image=\u00a0\u00bb1798&Prime; img_size=\u00a0\u00bbfull\u00a0\u00bb][\/vc_column_inner][\/vc_row_inner][\/vc_column][\/vc_row]<\/p>\n","protected":false},"excerpt":{"rendered":"<p>[vc_row][vc_column][vc_column_text]Lors de la premi\u00e8re visite, le programme de fid\u00e9lit\u00e9 sera automatiquement activ\u00e9. La carte est g\u00e9r\u00e9e informatiquement et votre solde indiqu\u00e9 sur le ticket de caisse. Apr\u00e8s la dixi\u00e8me visite [&hellip;]<\/p>\n","protected":false},"author":1,"featured_media":0,"parent":0,"menu_order":0,"comment_status":"closed","ping_status":"closed","template":"","meta":{"footnotes":""},"class_list":["post-1796","page","type-page","status-publish","hentry"],"_links":{"self":[{"href":"https:\/\/www.studiocoiff.fr\/index.php\/wp-json\/wp\/v2\/pages\/1796","targetHints":{"allow":["GET"]}}],"collection":[{"href":"https:\/\/www.studiocoiff.fr\/index.php\/wp-json\/wp\/v2\/pages"}],"about":[{"href":"https:\/\/www.studiocoiff.fr\/index.php\/wp-json\/wp\/v2\/types\/page"}],"author":[{"embeddable":true,"href":"https:\/\/www.studiocoiff.fr\/index.php\/wp-json\/wp\/v2\/users\/1"}],"replies":[{"embeddable":true,"href":"https:\/\/www.studiocoiff.fr\/index.php\/wp-json\/wp\/v2\/comments?post=1796"}],"version-history":[{"count":7,"href":"https:\/\/www.studiocoiff.fr\/index.php\/wp-json\/wp\/v2\/pages\/1796\/revisions"}],"predecessor-version":[{"id":2132,"href":"https:\/\/www.studiocoiff.fr\/index.php\/wp-json\/wp\/v2\/pages\/1796\/revisions\/2132"}],"wp:attachment":[{"href":"https:\/\/www.studiocoiff.fr\/index.php\/wp-json\/wp\/v2\/media?parent=1796"}],"curies":[{"name":"wp","href":"https:\/\/api.w.org\/{rel}","templated":true}]}}