{"id":1649,"date":"2020-06-06T11:39:51","date_gmt":"2020-06-06T09:39:51","guid":{"rendered":"https:\/\/www.studiocoiff.fr\/\/?page_id=1649"},"modified":"2020-07-10T22:33:23","modified_gmt":"2020-07-10T20:33:23","slug":"brushing","status":"publish","type":"page","link":"https:\/\/www.studiocoiff.fr\/index.php\/pages\/services\/services-coiffure\/brushing\/","title":{"rendered":"Brushing"},"content":{"rendered":"<p>[vc_row][vc_column]<h3 class=\"ozy-divider-cap-left wpb_content_element\">Brushing<\/h3><div class=\"ozy-content-divider \" style=\"border-top-style:solid;border-top-width:2px;border-top-color:#f33337;width:40px;max-width:40px;\"><\/div>[\/vc_column][\/vc_row][vc_row][vc_column][vc_column_text]Un brushing est une mise en forme temporaire des cheveux. Il prend fin apr\u00e8s le prochain lavage des cheveux. On le r\u00e9alise avec un s\u00e9choir \u00e0 main et une brosse g\u00e9n\u00e9ralement ronde. Il peut cr\u00e9er du volume ou lisser la coiffure.<br \/>\nLa technique du coiffeur permet de ne pas l&rsquo;effectuer avec trop d&rsquo;air chaud afin de ne pas ab\u00eemer les cheveux, mais suffisamment, afin de permettre un ass\u00e8chement suffisant des cheveux pour conserver la forme que la brosse leur donne.[\/vc_column_text][\/vc_column][\/vc_row][vc_row][vc_column width=\u00a0\u00bb1\/2&Prime;][vc_single_image image=\u00a0\u00bb1651&Prime; img_size=\u00a0\u00bbmedium\u00a0\u00bb title=\u00a0\u00bbBrushing sur cheveux mi-long\u00a0\u00bb][\/vc_column][vc_column width=\u00a0\u00bb1\/2&Prime;]<div style=\"height:30px\" class=\"ozy-spacer\"><\/div><div id=\"tile-with-icon_icon4539\" class=\"title-with-icon-wrapper rounded xxlarge \" data-color=\"\"><div class=\"wpb_content_element title-with-icon clearfix top-style\"><a href=\"\/index.php\/pages\/tarifs\/\" target=\"_self\"><span  style=\"color:#ffffff !important;background-color:#f33337 !important;\" class=\"oic-credit-card-1 rounded xxlarge \" data-color=\"#f33337\"><\/span><\/a><h4 class=\"content-color\" style=\"\"><a href=\"\/index.php\/pages\/tarifs\/\" target=\"_self\">PRIX DES SERVICES<\/a><\/h4><\/div><\/div>[\/vc_column][\/vc_row]<\/p>\n","protected":false},"excerpt":{"rendered":"<p>[vc_row][vc_column][\/vc_column][\/vc_row][vc_row][vc_column][vc_column_text]Un brushing est une mise en forme temporaire des cheveux. Il prend fin apr\u00e8s le prochain lavage des cheveux. On le r\u00e9alise avec un s\u00e9choir \u00e0 main et une brosse [&hellip;]<\/p>\n","protected":false},"author":1,"featured_media":0,"parent":799,"menu_order":0,"comment_status":"closed","ping_status":"closed","template":"","meta":{"footnotes":""},"class_list":["post-1649","page","type-page","status-publish","hentry"],"_links":{"self":[{"href":"https:\/\/www.studiocoiff.fr\/index.php\/wp-json\/wp\/v2\/pages\/1649","targetHints":{"allow":["GET"]}}],"collection":[{"href":"https:\/\/www.studiocoiff.fr\/index.php\/wp-json\/wp\/v2\/pages"}],"about":[{"href":"https:\/\/www.studiocoiff.fr\/index.php\/wp-json\/wp\/v2\/types\/page"}],"author":[{"embeddable":true,"href":"https:\/\/www.studiocoiff.fr\/index.php\/wp-json\/wp\/v2\/users\/1"}],"replies":[{"embeddable":true,"href":"https:\/\/www.studiocoiff.fr\/index.php\/wp-json\/wp\/v2\/comments?post=1649"}],"version-history":[{"count":8,"href":"https:\/\/www.studiocoiff.fr\/index.php\/wp-json\/wp\/v2\/pages\/1649\/revisions"}],"predecessor-version":[{"id":2074,"href":"https:\/\/www.studiocoiff.fr\/index.php\/wp-json\/wp\/v2\/pages\/1649\/revisions\/2074"}],"up":[{"embeddable":true,"href":"https:\/\/www.studiocoiff.fr\/index.php\/wp-json\/wp\/v2\/pages\/799"}],"wp:attachment":[{"href":"https:\/\/www.studiocoiff.fr\/index.php\/wp-json\/wp\/v2\/media?parent=1649"}],"curies":[{"name":"wp","href":"https:\/\/api.w.org\/{rel}","templated":true}]}}